{"id":7,"date":"2021-04-05T13:52:38","date_gmt":"2021-04-05T11:52:38","guid":{"rendered":"http:\/\/floiiart.you2.pl\/?page_id=7"},"modified":"2021-04-05T17:52:17","modified_gmt":"2021-04-05T15:52:17","slug":"o-nas","status":"publish","type":"page","link":"https:\/\/floiiart.you2.pl\/index.php\/o-nas\/","title":{"rendered":"O mnie"},"content":{"rendered":"\n<div class=\"wp-block-columns is-layout-flex wp-container-core-columns-is-layout-9d6595d7 wp-block-columns-is-layout-flex\">\n<div class=\"wp-block-column is-layout-flow wp-block-column-is-layout-flow\" style=\"flex-basis:100%\">\n<div class=\"wp-block-columns is-layout-flex wp-container-core-columns-is-layout-9d6595d7 wp-block-columns-is-layout-flex\">\n<div class=\"wp-block-column is-layout-flow wp-block-column-is-layout-flow\" style=\"flex-basis:33.33%\">\n<figure class=\"wp-block-image size-large\"><img loading=\"lazy\" decoding=\"async\" width=\"832\" height=\"1024\" src=\"http:\/\/floiiart.you2.pl\/wp-content\/uploads\/2021\/04\/asia-832x1024.jpg\" alt=\"\" class=\"wp-image-51\" srcset=\"https:\/\/floiiart.you2.pl\/wp-content\/uploads\/2021\/04\/asia-832x1024.jpg 832w, https:\/\/floiiart.you2.pl\/wp-content\/uploads\/2021\/04\/asia-244x300.jpg 244w, https:\/\/floiiart.you2.pl\/wp-content\/uploads\/2021\/04\/asia-768x946.jpg 768w, https:\/\/floiiart.you2.pl\/wp-content\/uploads\/2021\/04\/asia.jpg 1080w\" sizes=\"auto, (max-width: 832px) 100vw, 832px\" \/><\/figure>\n<\/div>\n\n\n\n<div class=\"wp-block-column is-layout-flow wp-block-column-is-layout-flow\" style=\"flex-basis:66.66%\">\n<p>Mam na imi\u0119 Asia, w tym roku przechodz\u0119 na drug\u0105 stron\u0119 lustra, wkraczaj\u0105c w 30 rok \u017cycia &#x1f601; mam najs\u0142odszego dwuletniego brzd\u0105ca i m\u0119\u017ca (kt\u00f3ry jest troch\u0119 wsp\u00f3\u0142tw\u00f3rc\u0105 Floii, bo bez niego nie mia\u0142abym tyle pi\u0119knych, wyszlifowanych plastr\u00f3w do malowania&#x1f601;)<\/p>\n\n\n\n<p>Zawsze lubi\u0142am malowa\u0107, mam jeszcze wielk\u0105 teczk\u0119 moich prac, troch\u0119 wstyd, a troch\u0119 widz\u0119 rozw\u00f3j &#x1f602;<br>Floii powsta\u0142o oko\u0142o sierpnia, czu\u0142am \u017ce musz\u0119 znale\u017a\u0107 co\u015b tylko dla siebie, zacz\u0119\u0142am malowa\u0107 akwarelami, potem przesz\u0142am na pegdollsy, a one doprowadzi\u0142y mnie do drewnianych plastr\u00f3w. My\u015bla\u0142am, \u017ce szybko mi si\u0119 znudzi, mam zazwyczaj s\u0142omiany zapa\u0142( szczeg\u00f3lnie do diety i \u0107wicze\u0144&#x1f605;)<\/p>\n\n\n\n<p>Mam nadziej\u0119, \u017ce lubicie m\u00f3j profil i to co tworz\u0119, chc\u0119 si\u0119 rozwija\u0107, tworzy\u0107 coraz to trudniejsze prace.<br>Dzi\u0119kuj\u0119 ka\u017cdej osobie kt\u00f3ra mnie wspiera i jest tu ze mn\u0105!<\/p>\n<\/div>\n<\/div>\n<\/div>\n<\/div>\n","protected":false},"excerpt":{"rendered":"<p>Mam na imi\u0119 Asia, w tym roku przechodz\u0119 na drug\u0105 stron\u0119 lustra, wkraczaj\u0105c w 30 rok \u017cycia &#x1f601; mam najs\u0142odszego dwuletniego brzd\u0105ca i m\u0119\u017ca (kt\u00f3ry&hellip;<\/p>\n","protected":false},"author":1,"featured_media":0,"parent":0,"menu_order":0,"comment_status":"closed","ping_status":"closed","template":"","meta":{"footnotes":""},"class_list":["post-7","page","type-page","status-publish","hentry"],"_links":{"self":[{"href":"https:\/\/floiiart.you2.pl\/index.php\/wp-json\/wp\/v2\/pages\/7","targetHints":{"allow":["GET"]}}],"collection":[{"href":"https:\/\/floiiart.you2.pl\/index.php\/wp-json\/wp\/v2\/pages"}],"about":[{"href":"https:\/\/floiiart.you2.pl\/index.php\/wp-json\/wp\/v2\/types\/page"}],"author":[{"embeddable":true,"href":"https:\/\/floiiart.you2.pl\/index.php\/wp-json\/wp\/v2\/users\/1"}],"replies":[{"embeddable":true,"href":"https:\/\/floiiart.you2.pl\/index.php\/wp-json\/wp\/v2\/comments?post=7"}],"version-history":[{"count":6,"href":"https:\/\/floiiart.you2.pl\/index.php\/wp-json\/wp\/v2\/pages\/7\/revisions"}],"predecessor-version":[{"id":65,"href":"https:\/\/floiiart.you2.pl\/index.php\/wp-json\/wp\/v2\/pages\/7\/revisions\/65"}],"wp:attachment":[{"href":"https:\/\/floiiart.you2.pl\/index.php\/wp-json\/wp\/v2\/media?parent=7"}],"curies":[{"name":"wp","href":"https:\/\/api.w.org\/{rel}","templated":true}]}}