{"id":133,"date":"2021-04-16T12:43:26","date_gmt":"2021-04-16T10:43:26","guid":{"rendered":"http:\/\/floiiart.you2.pl\/?page_id=133"},"modified":"2021-04-18T13:21:49","modified_gmt":"2021-04-18T11:21:49","slug":"oferta-i-cennik","status":"publish","type":"page","link":"https:\/\/floiiart.you2.pl\/index.php\/oferta-i-cennik\/","title":{"rendered":"Oferta i cennik"},"content":{"rendered":"\n<p>Poni\u017cej przedstawiam moje ma\u0142e malowid\u0142a. U\u017cywam farb akrylowych i wysokiej jako\u015bci lakieru, bezpiecznego dla dzieci.\u00a0<\/p>\n\n\n\n<h2 class=\"wp-block-heading\">Zak\u0142adki do ksi\u0105\u017cek<\/h2>\n\n\n\n<figure class=\"wp-block-gallery columns-4 is-cropped\"><ul class=\"blocks-gallery-grid\"><li class=\"blocks-gallery-item\"><figure><a target=\"_blank\" href=\"https:\/\/www.instagram.com\/p\/CH5H4ejhRL8\/\" rel=\"noopener\"><img loading=\"lazy\" decoding=\"async\" width=\"1024\" height=\"1024\" src=\"http:\/\/floiiart.you2.pl\/wp-content\/uploads\/2021\/04\/IMG_20201122_131047_300-1024x1024.jpg\" alt=\"\" data-id=\"134\" data-full-url=\"http:\/\/floiiart.you2.pl\/wp-content\/uploads\/2021\/04\/IMG_20201122_131047_300-scaled.jpg\" class=\"wp-image-134\" srcset=\"https:\/\/floiiart.you2.pl\/wp-content\/uploads\/2021\/04\/IMG_20201122_131047_300-1024x1024.jpg 1024w, https:\/\/floiiart.you2.pl\/wp-content\/uploads\/2021\/04\/IMG_20201122_131047_300-300x300.jpg 300w, https:\/\/floiiart.you2.pl\/wp-content\/uploads\/2021\/04\/IMG_20201122_131047_300-150x150.jpg 150w, https:\/\/floiiart.you2.pl\/wp-content\/uploads\/2021\/04\/IMG_20201122_131047_300-768x768.jpg 768w, https:\/\/floiiart.you2.pl\/wp-content\/uploads\/2021\/04\/IMG_20201122_131047_300-1536x1536.jpg 1536w, https:\/\/floiiart.you2.pl\/wp-content\/uploads\/2021\/04\/IMG_20201122_131047_300-2048x2048.jpg 2048w\" sizes=\"auto, (max-width: 1024px) 100vw, 1024px\" \/><\/a><\/figure><\/li><li class=\"blocks-gallery-item\"><figure><a target=\"_blank\" href=\"https:\/\/www.instagram.com\/p\/CKjsW62B3Mp\/\" rel=\"noopener\"><img loading=\"lazy\" decoding=\"async\" width=\"819\" height=\"1024\" src=\"http:\/\/floiiart.you2.pl\/wp-content\/uploads\/2021\/04\/IMG_20210127_190025_583-819x1024.jpg\" alt=\"\" data-id=\"137\" data-full-url=\"http:\/\/floiiart.you2.pl\/wp-content\/uploads\/2021\/04\/IMG_20210127_190025_583-scaled.jpg\" class=\"wp-image-137\" srcset=\"https:\/\/floiiart.you2.pl\/wp-content\/uploads\/2021\/04\/IMG_20210127_190025_583-819x1024.jpg 819w, https:\/\/floiiart.you2.pl\/wp-content\/uploads\/2021\/04\/IMG_20210127_190025_583-240x300.jpg 240w, https:\/\/floiiart.you2.pl\/wp-content\/uploads\/2021\/04\/IMG_20210127_190025_583-768x960.jpg 768w, https:\/\/floiiart.you2.pl\/wp-content\/uploads\/2021\/04\/IMG_20210127_190025_583-1229x1536.jpg 1229w, https:\/\/floiiart.you2.pl\/wp-content\/uploads\/2021\/04\/IMG_20210127_190025_583-1638x2048.jpg 1638w, https:\/\/floiiart.you2.pl\/wp-content\/uploads\/2021\/04\/IMG_20210127_190025_583-scaled.jpg 2048w\" sizes=\"auto, (max-width: 819px) 100vw, 819px\" \/><\/a><\/figure><\/li><li class=\"blocks-gallery-item\"><figure><a target=\"_blank\" href=\"https:\/\/www.instagram.com\/p\/CMkSWUmskm0\/\" rel=\"noopener\"><img loading=\"lazy\" decoding=\"async\" width=\"968\" height=\"1024\" src=\"http:\/\/floiiart.you2.pl\/wp-content\/uploads\/2021\/04\/IMG_20210318_173511_100-968x1024.jpg\" alt=\"\" data-id=\"136\" data-full-url=\"http:\/\/floiiart.you2.pl\/wp-content\/uploads\/2021\/04\/IMG_20210318_173511_100-scaled.jpg\" class=\"wp-image-136\" srcset=\"https:\/\/floiiart.you2.pl\/wp-content\/uploads\/2021\/04\/IMG_20210318_173511_100-968x1024.jpg 968w, https:\/\/floiiart.you2.pl\/wp-content\/uploads\/2021\/04\/IMG_20210318_173511_100-284x300.jpg 284w, https:\/\/floiiart.you2.pl\/wp-content\/uploads\/2021\/04\/IMG_20210318_173511_100-768x812.jpg 768w, https:\/\/floiiart.you2.pl\/wp-content\/uploads\/2021\/04\/IMG_20210318_173511_100-1453x1536.jpg 1453w, https:\/\/floiiart.you2.pl\/wp-content\/uploads\/2021\/04\/IMG_20210318_173511_100-1937x2048.jpg 1937w\" sizes=\"auto, (max-width: 968px) 100vw, 968px\" \/><\/a><\/figure><\/li><li class=\"blocks-gallery-item\"><figure><a href=\"http:\/\/floiiart.you2.pl\/?attachment_id=135\"><img loading=\"lazy\" decoding=\"async\" width=\"461\" height=\"1024\" src=\"http:\/\/floiiart.you2.pl\/wp-content\/uploads\/2021\/04\/IMG_20210121_140413-461x1024.jpg\" alt=\"\" data-id=\"135\" data-full-url=\"http:\/\/floiiart.you2.pl\/wp-content\/uploads\/2021\/04\/IMG_20210121_140413-scaled.jpg\" data-link=\"http:\/\/floiiart.you2.pl\/?attachment_id=135\" class=\"wp-image-135\" srcset=\"https:\/\/floiiart.you2.pl\/wp-content\/uploads\/2021\/04\/IMG_20210121_140413-461x1024.jpg 461w, https:\/\/floiiart.you2.pl\/wp-content\/uploads\/2021\/04\/IMG_20210121_140413-135x300.jpg 135w, https:\/\/floiiart.you2.pl\/wp-content\/uploads\/2021\/04\/IMG_20210121_140413-768x1707.jpg 768w, https:\/\/floiiart.you2.pl\/wp-content\/uploads\/2021\/04\/IMG_20210121_140413-691x1536.jpg 691w, https:\/\/floiiart.you2.pl\/wp-content\/uploads\/2021\/04\/IMG_20210121_140413-922x2048.jpg 922w, https:\/\/floiiart.you2.pl\/wp-content\/uploads\/2021\/04\/IMG_20210121_140413-scaled.jpg 1152w\" sizes=\"auto, (max-width: 461px) 100vw, 461px\" \/><\/a><\/figure><\/li><\/ul><\/figure>\n\n\n\n<p>R\u0119cznie malowane zak\u0142adki, na sklejce o wymiarach 15 cm x 5 cm.&nbsp;<\/p>\n\n\n\n<p>cena:  <strong>25 z\u0142 -35 z\u0142<\/strong> \/ sztuka<\/p>\n\n\n\n<h2 class=\"wp-block-heading\">Figurki pegdolls<\/h2>\n\n\n\n<p>Drewniana zabawka dla najm\u0142odszych lub nietuzinkowa dekoracja na tort.\u00a0Pegdolls wykonam wed\u0142ug Twojego pomys\u0142u, mog\u0105 to by\u0107 zwierz\u0119ta, postacie z bajek -wz\u00f3r uzgadniamy w wiadomo\u015bci \ud83d\ude42<\/p>\n\n\n\n<figure class=\"wp-block-gallery columns-3 is-cropped wp-block-gallery-1 is-layout-flex wp-block-gallery-is-layout-flex\"><ul class=\"blocks-gallery-grid\"><li class=\"blocks-gallery-item\"><figure><img loading=\"lazy\" decoding=\"async\" width=\"765\" height=\"960\" src=\"http:\/\/floiiart.you2.pl\/wp-content\/uploads\/2021\/04\/FB_IMG_1604948340512.jpg\" alt=\"\" data-id=\"151\" data-full-url=\"http:\/\/floiiart.you2.pl\/wp-content\/uploads\/2021\/04\/FB_IMG_1604948340512.jpg\" data-link=\"http:\/\/floiiart.you2.pl\/index.php\/oferta-i-cennik\/fb_img_1604948340512\/\" class=\"wp-image-151\" srcset=\"https:\/\/floiiart.you2.pl\/wp-content\/uploads\/2021\/04\/FB_IMG_1604948340512.jpg 765w, https:\/\/floiiart.you2.pl\/wp-content\/uploads\/2021\/04\/FB_IMG_1604948340512-239x300.jpg 239w\" sizes=\"auto, (max-width: 765px) 100vw, 765px\" \/><\/figure><\/li><li class=\"blocks-gallery-item\"><figure><img loading=\"lazy\" decoding=\"async\" width=\"1024\" height=\"982\" src=\"http:\/\/floiiart.you2.pl\/wp-content\/uploads\/2021\/04\/IMG_20210310_174021_908-1024x982.jpg\" alt=\"\" data-id=\"148\" data-full-url=\"http:\/\/floiiart.you2.pl\/wp-content\/uploads\/2021\/04\/IMG_20210310_174021_908.jpg\" data-link=\"http:\/\/floiiart.you2.pl\/index.php\/oferta-i-cennik\/img_20210310_174021_908\/\" class=\"wp-image-148\" srcset=\"https:\/\/floiiart.you2.pl\/wp-content\/uploads\/2021\/04\/IMG_20210310_174021_908-1024x982.jpg 1024w, https:\/\/floiiart.you2.pl\/wp-content\/uploads\/2021\/04\/IMG_20210310_174021_908-300x288.jpg 300w, https:\/\/floiiart.you2.pl\/wp-content\/uploads\/2021\/04\/IMG_20210310_174021_908-768x736.jpg 768w, https:\/\/floiiart.you2.pl\/wp-content\/uploads\/2021\/04\/IMG_20210310_174021_908.jpg 1423w\" sizes=\"auto, (max-width: 1024px) 100vw, 1024px\" \/><\/figure><\/li><li class=\"blocks-gallery-item\"><figure><img loading=\"lazy\" decoding=\"async\" width=\"766\" height=\"1024\" src=\"http:\/\/floiiart.you2.pl\/wp-content\/uploads\/2021\/04\/IMG_20210413_172158-766x1024.jpg\" alt=\"\" data-id=\"150\" data-full-url=\"http:\/\/floiiart.you2.pl\/wp-content\/uploads\/2021\/04\/IMG_20210413_172158-scaled.jpg\" data-link=\"http:\/\/floiiart.you2.pl\/index.php\/oferta-i-cennik\/img_20210413_172158\/\" class=\"wp-image-150\" srcset=\"https:\/\/floiiart.you2.pl\/wp-content\/uploads\/2021\/04\/IMG_20210413_172158-766x1024.jpg 766w, https:\/\/floiiart.you2.pl\/wp-content\/uploads\/2021\/04\/IMG_20210413_172158-224x300.jpg 224w, https:\/\/floiiart.you2.pl\/wp-content\/uploads\/2021\/04\/IMG_20210413_172158-768x1026.jpg 768w, https:\/\/floiiart.you2.pl\/wp-content\/uploads\/2021\/04\/IMG_20210413_172158-1149x1536.jpg 1149w, https:\/\/floiiart.you2.pl\/wp-content\/uploads\/2021\/04\/IMG_20210413_172158-1532x2048.jpg 1532w, https:\/\/floiiart.you2.pl\/wp-content\/uploads\/2021\/04\/IMG_20210413_172158-scaled.jpg 1916w\" sizes=\"auto, (max-width: 766px) 100vw, 766px\" \/><\/figure><\/li><li class=\"blocks-gallery-item\"><figure><img loading=\"lazy\" decoding=\"async\" width=\"1024\" height=\"982\" src=\"http:\/\/floiiart.you2.pl\/wp-content\/uploads\/2021\/04\/IMG_20210310_174021_870-1024x982.jpg\" alt=\"\" data-id=\"155\" data-full-url=\"http:\/\/floiiart.you2.pl\/wp-content\/uploads\/2021\/04\/IMG_20210310_174021_870.jpg\" data-link=\"http:\/\/floiiart.you2.pl\/index.php\/oferta-i-cennik\/img_20210310_174021_870\/\" class=\"wp-image-155\" srcset=\"https:\/\/floiiart.you2.pl\/wp-content\/uploads\/2021\/04\/IMG_20210310_174021_870-1024x982.jpg 1024w, https:\/\/floiiart.you2.pl\/wp-content\/uploads\/2021\/04\/IMG_20210310_174021_870-300x288.jpg 300w, https:\/\/floiiart.you2.pl\/wp-content\/uploads\/2021\/04\/IMG_20210310_174021_870-768x736.jpg 768w, https:\/\/floiiart.you2.pl\/wp-content\/uploads\/2021\/04\/IMG_20210310_174021_870.jpg 1423w\" sizes=\"auto, (max-width: 1024px) 100vw, 1024px\" \/><\/figure><\/li><li class=\"blocks-gallery-item\"><figure><img loading=\"lazy\" decoding=\"async\" width=\"960\" height=\"676\" src=\"http:\/\/floiiart.you2.pl\/wp-content\/uploads\/2021\/04\/FB_IMG_1604948350655.jpg\" alt=\"\" data-id=\"152\" data-full-url=\"http:\/\/floiiart.you2.pl\/wp-content\/uploads\/2021\/04\/FB_IMG_1604948350655.jpg\" data-link=\"http:\/\/floiiart.you2.pl\/index.php\/oferta-i-cennik\/fb_img_1604948350655\/\" class=\"wp-image-152\" srcset=\"https:\/\/floiiart.you2.pl\/wp-content\/uploads\/2021\/04\/FB_IMG_1604948350655.jpg 960w, https:\/\/floiiart.you2.pl\/wp-content\/uploads\/2021\/04\/FB_IMG_1604948350655-300x211.jpg 300w, https:\/\/floiiart.you2.pl\/wp-content\/uploads\/2021\/04\/FB_IMG_1604948350655-768x541.jpg 768w\" sizes=\"auto, (max-width: 960px) 100vw, 960px\" \/><\/figure><\/li><li class=\"blocks-gallery-item\"><figure><img loading=\"lazy\" decoding=\"async\" width=\"1024\" height=\"1024\" src=\"http:\/\/floiiart.you2.pl\/wp-content\/uploads\/2021\/04\/IMG_20200902_215657_004-1024x1024.jpg\" alt=\"\" data-id=\"153\" data-full-url=\"http:\/\/floiiart.you2.pl\/wp-content\/uploads\/2021\/04\/IMG_20200902_215657_004.jpg\" data-link=\"http:\/\/floiiart.you2.pl\/index.php\/oferta-i-cennik\/img_20200902_215657_004\/\" class=\"wp-image-153\" srcset=\"https:\/\/floiiart.you2.pl\/wp-content\/uploads\/2021\/04\/IMG_20200902_215657_004-1024x1024.jpg 1024w, https:\/\/floiiart.you2.pl\/wp-content\/uploads\/2021\/04\/IMG_20200902_215657_004-300x300.jpg 300w, https:\/\/floiiart.you2.pl\/wp-content\/uploads\/2021\/04\/IMG_20200902_215657_004-150x150.jpg 150w, https:\/\/floiiart.you2.pl\/wp-content\/uploads\/2021\/04\/IMG_20200902_215657_004-768x768.jpg 768w, https:\/\/floiiart.you2.pl\/wp-content\/uploads\/2021\/04\/IMG_20200902_215657_004-1536x1536.jpg 1536w, https:\/\/floiiart.you2.pl\/wp-content\/uploads\/2021\/04\/IMG_20200902_215657_004-2048x2048.jpg 2048w\" sizes=\"auto, (max-width: 1024px) 100vw, 1024px\" \/><\/figure><\/li><li class=\"blocks-gallery-item\"><figure><img loading=\"lazy\" decoding=\"async\" width=\"1024\" height=\"1024\" src=\"http:\/\/floiiart.you2.pl\/wp-content\/uploads\/2021\/04\/IMG_20210121_172554_947-1024x1024.jpg\" alt=\"\" data-id=\"154\" data-full-url=\"http:\/\/floiiart.you2.pl\/wp-content\/uploads\/2021\/04\/IMG_20210121_172554_947.jpg\" data-link=\"http:\/\/floiiart.you2.pl\/index.php\/oferta-i-cennik\/img_20210121_172554_947\/\" class=\"wp-image-154\" srcset=\"https:\/\/floiiart.you2.pl\/wp-content\/uploads\/2021\/04\/IMG_20210121_172554_947-1024x1024.jpg 1024w, https:\/\/floiiart.you2.pl\/wp-content\/uploads\/2021\/04\/IMG_20210121_172554_947-300x300.jpg 300w, https:\/\/floiiart.you2.pl\/wp-content\/uploads\/2021\/04\/IMG_20210121_172554_947-150x150.jpg 150w, https:\/\/floiiart.you2.pl\/wp-content\/uploads\/2021\/04\/IMG_20210121_172554_947-768x768.jpg 768w, https:\/\/floiiart.you2.pl\/wp-content\/uploads\/2021\/04\/IMG_20210121_172554_947.jpg 1440w\" sizes=\"auto, (max-width: 1024px) 100vw, 1024px\" \/><\/figure><\/li><li class=\"blocks-gallery-item\"><figure><img loading=\"lazy\" decoding=\"async\" width=\"1024\" height=\"982\" src=\"http:\/\/floiiart.you2.pl\/wp-content\/uploads\/2021\/04\/IMG_20210310_174021_902-1024x982.jpg\" alt=\"\" data-id=\"156\" data-full-url=\"http:\/\/floiiart.you2.pl\/wp-content\/uploads\/2021\/04\/IMG_20210310_174021_902.jpg\" data-link=\"http:\/\/floiiart.you2.pl\/index.php\/oferta-i-cennik\/img_20210310_174021_902\/\" class=\"wp-image-156\" srcset=\"https:\/\/floiiart.you2.pl\/wp-content\/uploads\/2021\/04\/IMG_20210310_174021_902-1024x982.jpg 1024w, https:\/\/floiiart.you2.pl\/wp-content\/uploads\/2021\/04\/IMG_20210310_174021_902-300x288.jpg 300w, https:\/\/floiiart.you2.pl\/wp-content\/uploads\/2021\/04\/IMG_20210310_174021_902-768x736.jpg 768w, https:\/\/floiiart.you2.pl\/wp-content\/uploads\/2021\/04\/IMG_20210310_174021_902.jpg 1423w\" sizes=\"auto, (max-width: 1024px) 100vw, 1024px\" \/><\/figure><\/li><\/ul><\/figure>\n\n\n\n<p>cena: 35 z\u0142 &#8211; 45 z\u0142 \/ sztuka (istnieje mo\u017cliwo\u015b\u0107 zam\u00f3wienia zestawu, w ni\u017cszej cenie)<br><\/p>\n\n\n\n<h2 class=\"wp-block-heading\">Plastry brzozy<\/h2>\n\n\n\n<p>Mo\u017ce z nich powsta\u0107 zar\u00f3wno funkcjonalny komplet podstawek pod kubki, jak r\u00f3wnie\u017c dekoracyjne obrazy, kt\u00f3re mo\u017cna postawi\u0107 na p\u00f3\u0142ce lub powiesi\u0107 na \u015bcianie (tu mo\u017cliwo\u015b\u0107 po\u0142\u0105czenia sznurkiem kilku plastr\u00f3w r\u00f3\u017cnej wielko\u015bci w sp\u00f3jny tematycznie zestaw).<\/p>\n\n\n\n<p>plasterk\u00f3w w rozmiarze S (10-12cm) cena za sztuk\u0119 25-35 z\u0142<\/p>\n\n\n\n<p>z plastr\u00f3w w rozmiarze M (15-20 cm) cena za sztuk\u0119 50-65 z\u0142<\/p>\n\n\n\n<p>z plastr\u00f3w w rozmiarze L ( 20-23m ) cena za sztuk\u0119 100-130 z\u0142<br><\/p>\n","protected":false},"excerpt":{"rendered":"<p>Poni\u017cej przedstawiam moje ma\u0142e malowid\u0142a. U\u017cywam farb akrylowych i wysokiej jako\u015bci lakieru, bezpiecznego dla dzieci.\u00a0 Zak\u0142adki do ksi\u0105\u017cek R\u0119cznie malowane zak\u0142adki, na sklejce o wymiarach&hellip;<\/p>\n","protected":false},"author":1,"featured_media":0,"parent":0,"menu_order":0,"comment_status":"closed","ping_status":"closed","template":"","meta":{"footnotes":""},"class_list":["post-133","page","type-page","status-publish","hentry"],"_links":{"self":[{"href":"https:\/\/floiiart.you2.pl\/index.php\/wp-json\/wp\/v2\/pages\/133","targetHints":{"allow":["GET"]}}],"collection":[{"href":"https:\/\/floiiart.you2.pl\/index.php\/wp-json\/wp\/v2\/pages"}],"about":[{"href":"https:\/\/floiiart.you2.pl\/index.php\/wp-json\/wp\/v2\/types\/page"}],"author":[{"embeddable":true,"href":"https:\/\/floiiart.you2.pl\/index.php\/wp-json\/wp\/v2\/users\/1"}],"replies":[{"embeddable":true,"href":"https:\/\/floiiart.you2.pl\/index.php\/wp-json\/wp\/v2\/comments?post=133"}],"version-history":[{"count":5,"href":"https:\/\/floiiart.you2.pl\/index.php\/wp-json\/wp\/v2\/pages\/133\/revisions"}],"predecessor-version":[{"id":159,"href":"https:\/\/floiiart.you2.pl\/index.php\/wp-json\/wp\/v2\/pages\/133\/revisions\/159"}],"wp:attachment":[{"href":"https:\/\/floiiart.you2.pl\/index.php\/wp-json\/wp\/v2\/media?parent=133"}],"curies":[{"name":"wp","href":"https:\/\/api.w.org\/{rel}","templated":true}]}}